{"id":113,"date":"2018-12-31T13:44:02","date_gmt":"2018-12-31T12:44:02","guid":{"rendered":"http:\/\/www.zellampettenfirst.at\/pohg\/wordpress\/?page_id=113"},"modified":"2018-12-31T13:44:03","modified_gmt":"2018-12-31T12:44:03","slug":"informationen","status":"publish","type":"page","link":"http:\/\/www.zellampettenfirst.at\/waldDerKinderV3\/wordpress\/informationen\/","title":{"rendered":"Informationen"},"content":{"rendered":"<p>Dieser Weg bietet Kindern aller Altersstufen vielf\u00e4ltige M\u00f6glichkeiten zu handeln, zu erleben, zu entdecken, zu erfahren, zu begreifen und zu lernen, &#8230; in spielerischer Form. Das Kind kann in seiner ganzheitlich &#8211; kreativen Weise  sch\u00f6pferisch und phantasievoll in die eigene Erfahrungswelt eintauchen und sich in Bezug zur nat\u00fcrlichen Umgebung setzen.<\/p>\n<p>Die Gestaltung des Weges nimmt starken Bezug auf die nat\u00fcrlichen Gegebenheiten sowie auf die regionalen Besonderheiten dieses Hausruckgebietes und im Speziellen auf die Gemeinde selbst. So sind beispielsweise das Ortsbild Zell am Pettenfirst, der geologische Aufbau des Pettenfirst, die regionale Vegetation und die typische Tierwelt unserer Hausruckregion ,die Gemeinden um den Pettenfirst &#8230; eingebunden und spielerisch aufbereitet. Die Bearbeitung der einzelnen Themenschwerpunkte (die ebenfalls viele inhaltliche Schwerpunkte aufweisen)  eignen sich im Besonderen auch f\u00fcr Gruppen (Kindergartengruppen oder Volksschulklassen) zu einer intensiven Auseinandersetzung mit nat\u00fcrlichen und\/oder regionalen Themen.<\/p>\n<p>Ein wichtiger Aspekt der Planung war das kindliche Verst\u00e4ndnis von Erleben und Erfahren als Ideengrundlage heranzuziehen (Zeichnerische Ideensammlung durch die \u00f6rtlichen Kinder) und sie zus\u00e4tzlich in die sp\u00e4tere Herstellung und Gestaltung des Weges (&#8222;Kicha-Tage&#8220;: Kreativ-Workshop) mit einzubeziehen. Besonderer Wert wurde deshalb auch auf eine vielf\u00e4ltige Bespielbarkeit der Ger\u00e4te und Stationen gelegt, die zus\u00e4tzlich die Attribute der Natur: ver\u00e4nderbar, prozessorientiert in sich aufgreifen und das breite Erfahrungsfeld der Sinne f\u00f6rdern.<\/p>\n<p>Diesen hohen Anspr\u00fcchen versucht unser Weg gerecht zu werden, denn er gibt den Kindern die M\u00f6glichkeit ihre nat\u00fcrliche Umwelt \u00b4Hausruck` zu erleben und sich selbst in Bezug zur Region zu setzen.<\/p>\n<p>Eine intensive Eigenwahrnehmung, eine sensible Naturerfahrung und die F\u00e4higkeit seine Umwelt kreativ mitzugestalten sind wichtige Bausteine f\u00fcr eine positiven Entwicklung des Kindes, dessen sp\u00e4tere Wertsch\u00e4tzung f\u00fcr die Natur und die F\u00e4higkeit als Erwachsener sein Leben individuell zu gestalten.<\/p>\n","protected":false},"excerpt":{"rendered":"<p>Dieser Weg bietet Kindern aller Altersstufen vielf\u00e4ltige M\u00f6glichkeiten zu handeln, zu erleben, zu entdecken, zu erfahren, zu begreifen und zu lernen, &#8230; in spielerischer Form. Das Kind kann in seiner ganzheitlich &#8211; kreativen Weise sch\u00f6pferisch und phantasievoll in die eigene Erfahrungswelt eintauchen und sich in Bezug zur nat\u00fcrlichen Umgebung setzen. Die Gestaltung des Weges nimmt [&hellip;]<\/p>\n","protected":false},"author":1,"featured_media":0,"parent":0,"menu_order":0,"comment_status":"closed","ping_status":"closed","template":"","meta":[],"_links":{"self":[{"href":"http:\/\/www.zellampettenfirst.at\/waldDerKinderV3\/wordpress\/wp-json\/wp\/v2\/pages\/113"}],"collection":[{"href":"http:\/\/www.zellampettenfirst.at\/waldDerKinderV3\/wordpress\/wp-json\/wp\/v2\/pages"}],"about":[{"href":"http:\/\/www.zellampettenfirst.at\/waldDerKinderV3\/wordpress\/wp-json\/wp\/v2\/types\/page"}],"author":[{"embeddable":true,"href":"http:\/\/www.zellampettenfirst.at\/waldDerKinderV3\/wordpress\/wp-json\/wp\/v2\/users\/1"}],"replies":[{"embeddable":true,"href":"http:\/\/www.zellampettenfirst.at\/waldDerKinderV3\/wordpress\/wp-json\/wp\/v2\/comments?post=113"}],"version-history":[{"count":1,"href":"http:\/\/www.zellampettenfirst.at\/waldDerKinderV3\/wordpress\/wp-json\/wp\/v2\/pages\/113\/revisions"}],"predecessor-version":[{"id":114,"href":"http:\/\/www.zellampettenfirst.at\/waldDerKinderV3\/wordpress\/wp-json\/wp\/v2\/pages\/113\/revisions\/114"}],"wp:attachment":[{"href":"http:\/\/www.zellampettenfirst.at\/waldDerKinderV3\/wordpress\/wp-json\/wp\/v2\/media?parent=113"}],"curies":[{"name":"wp","href":"https:\/\/api.w.org\/{rel}","templated":true}]}}