{"id":120,"date":"2018-12-31T13:46:03","date_gmt":"2018-12-31T12:46:03","guid":{"rendered":"http:\/\/www.zellampettenfirst.at\/pohg\/wordpress\/?page_id=120"},"modified":"2018-12-31T13:48:37","modified_gmt":"2018-12-31T12:48:37","slug":"liebe-eltern","status":"publish","type":"page","link":"http:\/\/www.zellampettenfirst.at\/waldDerKinderV3\/wordpress\/liebe-eltern\/","title":{"rendered":"Liebe Eltern"},"content":{"rendered":"<table class=\"partner\" style=\"width: 600px;\">\n<tbody>\n<tr>\n<td valign=\"top\" width=\"60\"><strong><span style=\"color: #ff0000;\">Ziel<\/span><\/strong><\/td>\n<td valign=\"top\" width=\"528\"><strong><span style=\"color: #ff0000;\">&#8230; kinderfreundlich<\/span><\/strong><br \/>\n<strong><span style=\"color: #ff0000;\">&#8230; familienfreundlich<\/span><\/strong><br \/>\n<strong><span style=\"color: #ff0000;\">&#8230; p\u00e4dagogisch wertvoll<\/span><\/strong><\/td>\n<\/tr>\n<\/tbody>\n<\/table>\n<p>Viele Eltern\u00a0erm\u00f6glichen ihren Kindern eine m\u00f6glichst sch\u00f6ne Kindheit\u00a0und m\u00fcssen mit oder gegen die Konsumwelt leben. Probleme sind h\u00e4ufig auf den Lebensstandard sowie das kindliche Umfeld\u00a0 in dieser Generation zur\u00fcckzuf\u00fchren (Gruppendruck-Trendspielzeug&#8230;. Der Wert der eigenen Pers\u00f6nlichkeit wird somit reduziert und f\u00fchrt zu Problemen mit dem Selbstwertgef\u00fchl.).<\/p>\n<p>Eines der Schlagworte ist, REIZ\u00dcBERFLUTUNG (vor allem im visuellem Bereich). So ist der Wald und ganz besonders auch der Wald der Kinder der ideale Raum um Kindern\u00a0Wahrnehmungsm\u00f6glichkeiten zu er\u00f6ffnen. Es bieten sich hier Gelegenheiten, Eindr\u00fccke (feuchter Waldboden, Ger\u00e4uschkulisse, Licht und Schatten) zu erleben, die f\u00fcr Kinder immer seltener werden.<br \/>\nHier k\u00f6nnen Kinder\u00a0Ruhe erfahren, durch Beobachtungen ihre Konzentrationsf\u00e4higkeit f\u00f6rdern. &#8211;\u00a0Eigenes Handeln wirkt zudem der passiven Konsumhaltung entgegen und st\u00e4rkt den Selbstwert. Phantasie und Kreativit\u00e4t bekommen einen anderen Stellenwert. So ist man Teil der Natur und kann gemeinsam etwas erleben und schaffen.<\/p>\n<p><strong>Viel Spa\u00df mit Ihren Kindern!<\/strong><\/p>\n","protected":false},"excerpt":{"rendered":"<p>Ziel &#8230; kinderfreundlich &#8230; familienfreundlich &#8230; p\u00e4dagogisch wertvoll Viele Eltern\u00a0erm\u00f6glichen ihren Kindern eine m\u00f6glichst sch\u00f6ne Kindheit\u00a0und m\u00fcssen mit oder gegen die Konsumwelt leben. Probleme sind h\u00e4ufig auf den Lebensstandard sowie das kindliche Umfeld\u00a0 in dieser Generation zur\u00fcckzuf\u00fchren (Gruppendruck-Trendspielzeug&#8230;. Der Wert der eigenen Pers\u00f6nlichkeit wird somit reduziert und f\u00fchrt zu Problemen mit dem Selbstwertgef\u00fchl.). Eines der [&hellip;]<\/p>\n","protected":false},"author":1,"featured_media":0,"parent":0,"menu_order":0,"comment_status":"closed","ping_status":"closed","template":"","meta":[],"_links":{"self":[{"href":"http:\/\/www.zellampettenfirst.at\/waldDerKinderV3\/wordpress\/wp-json\/wp\/v2\/pages\/120"}],"collection":[{"href":"http:\/\/www.zellampettenfirst.at\/waldDerKinderV3\/wordpress\/wp-json\/wp\/v2\/pages"}],"about":[{"href":"http:\/\/www.zellampettenfirst.at\/waldDerKinderV3\/wordpress\/wp-json\/wp\/v2\/types\/page"}],"author":[{"embeddable":true,"href":"http:\/\/www.zellampettenfirst.at\/waldDerKinderV3\/wordpress\/wp-json\/wp\/v2\/users\/1"}],"replies":[{"embeddable":true,"href":"http:\/\/www.zellampettenfirst.at\/waldDerKinderV3\/wordpress\/wp-json\/wp\/v2\/comments?post=120"}],"version-history":[{"count":2,"href":"http:\/\/www.zellampettenfirst.at\/waldDerKinderV3\/wordpress\/wp-json\/wp\/v2\/pages\/120\/revisions"}],"predecessor-version":[{"id":128,"href":"http:\/\/www.zellampettenfirst.at\/waldDerKinderV3\/wordpress\/wp-json\/wp\/v2\/pages\/120\/revisions\/128"}],"wp:attachment":[{"href":"http:\/\/www.zellampettenfirst.at\/waldDerKinderV3\/wordpress\/wp-json\/wp\/v2\/media?parent=120"}],"curies":[{"name":"wp","href":"https:\/\/api.w.org\/{rel}","templated":true}]}}