{"id":141,"date":"2018-12-31T16:45:42","date_gmt":"2018-12-31T15:45:42","guid":{"rendered":"http:\/\/www.zellampettenfirst.at\/pohg\/wordpress\/?page_id=141"},"modified":"2021-05-13T11:33:14","modified_gmt":"2021-05-13T09:33:14","slug":"pilze","status":"publish","type":"page","link":"http:\/\/www.zellampettenfirst.at\/waldDerKinderV3\/wordpress\/pilze\/","title":{"rendered":"Pilze"},"content":{"rendered":"<p>Bewegt euch wie Waldgeister \u00fcber die Pilze!<\/p>\n<p>H\u00fcpft ihr noch oder fliegt ihr schon?<\/p>\n<p>Die H\u00fcpfpilze sollen unter anderem einen Bezug zur typischen Eigenschaft der Einbruchgebiete entlang des Weges herstellen. Das Kind spielt die Bewegung des Gel\u00e4ndes (hinauf &#8211; hinunter &#8211; hinauf &#8211; &#8230;) nach. Diese k\u00f6rperliche Aktion spiegelt die Unebenheiten des Gel\u00e4ndes wider .<\/p>\n<p>Der Hausruck ist bekannt f\u00fcr seine Rutschungen bzw. wellen-artigen Gel\u00e4ndeformen. Wahrscheinlich ist einigen bekannt, dass fr\u00fcher schon mal das eine oder andere HAUS verRUCKt&nbsp; wurde.<\/p>\n<p>Am Beginn des Weges konnte man Piloten (Holzst\u00fctzen) sehen, die als Bergverbauung dienen und ein starkes Abrutschen des Berges verhindern sollen. Auch an den Kr\u00fcmmungen der Baumst\u00e4mme ist erkennbar, dass die Bergh\u00e4nge immer in Bewegung sind und&nbsp; langsam abrutschen.<\/p>\n","protected":false},"excerpt":{"rendered":"<p>Bewegt euch wie Waldgeister \u00fcber die Pilze! H\u00fcpft ihr noch oder fliegt ihr schon? Die H\u00fcpfpilze sollen unter anderem einen Bezug zur typischen Eigenschaft der Einbruchgebiete entlang des Weges herstellen. Das Kind spielt die Bewegung des Gel\u00e4ndes (hinauf &#8211; hinunter &#8211; hinauf &#8211; &#8230;) nach. Diese k\u00f6rperliche Aktion spiegelt die Unebenheiten des Gel\u00e4ndes wider . [&hellip;]<\/p>\n","protected":false},"author":1,"featured_media":256,"parent":0,"menu_order":0,"comment_status":"closed","ping_status":"closed","template":"","meta":[],"_links":{"self":[{"href":"http:\/\/www.zellampettenfirst.at\/waldDerKinderV3\/wordpress\/wp-json\/wp\/v2\/pages\/141"}],"collection":[{"href":"http:\/\/www.zellampettenfirst.at\/waldDerKinderV3\/wordpress\/wp-json\/wp\/v2\/pages"}],"about":[{"href":"http:\/\/www.zellampettenfirst.at\/waldDerKinderV3\/wordpress\/wp-json\/wp\/v2\/types\/page"}],"author":[{"embeddable":true,"href":"http:\/\/www.zellampettenfirst.at\/waldDerKinderV3\/wordpress\/wp-json\/wp\/v2\/users\/1"}],"replies":[{"embeddable":true,"href":"http:\/\/www.zellampettenfirst.at\/waldDerKinderV3\/wordpress\/wp-json\/wp\/v2\/comments?post=141"}],"version-history":[{"count":1,"href":"http:\/\/www.zellampettenfirst.at\/waldDerKinderV3\/wordpress\/wp-json\/wp\/v2\/pages\/141\/revisions"}],"predecessor-version":[{"id":143,"href":"http:\/\/www.zellampettenfirst.at\/waldDerKinderV3\/wordpress\/wp-json\/wp\/v2\/pages\/141\/revisions\/143"}],"wp:featuredmedia":[{"embeddable":true,"href":"http:\/\/www.zellampettenfirst.at\/waldDerKinderV3\/wordpress\/wp-json\/wp\/v2\/media\/256"}],"wp:attachment":[{"href":"http:\/\/www.zellampettenfirst.at\/waldDerKinderV3\/wordpress\/wp-json\/wp\/v2\/media?parent=141"}],"curies":[{"name":"wp","href":"https:\/\/api.w.org\/{rel}","templated":true}]}}