{"id":144,"date":"2018-12-31T16:46:27","date_gmt":"2018-12-31T15:46:27","guid":{"rendered":"http:\/\/www.zellampettenfirst.at\/pohg\/wordpress\/?page_id=144"},"modified":"2018-12-31T16:46:28","modified_gmt":"2018-12-31T15:46:28","slug":"speckstein","status":"publish","type":"page","link":"http:\/\/www.zellampettenfirst.at\/waldDerKinderV3\/wordpress\/speckstein\/","title":{"rendered":"Speckstein"},"content":{"rendered":"<p>Ein Nest mit Eiern ist immer ein Zeichen f\u00fcr das Entstehen von Leben. Die Specksteineier sollen genau dieses ENT-STEHEN,<\/p>\n<p>das HERAUS-KOMMEN, in sch\u00f6pferisch, spielerischer Weise erm\u00f6glichen.<\/p>\n<p>Die Specksteineier k\u00f6nnen mit Feilen, Fingern\u00e4geln, Steinen bearbeitet und geformt werden.<\/p>\n<p>Da ist sicher etwas in den Steinen versteckt, das heraus m\u00f6chte. Wenn alle Kinder mithelfen, dann k\u00f6nnen wir es schaffen und das ETWAS &#8211; was immer es auch ist &#8211; zum Vorschein bringen.<\/p>\n<p>Die Eier sind aus weichem Stein und lassen sich sogar mit Fingern\u00e4gel ritzen. Oder nimm einen Stein oder die Feile und kratz daran,&#8230; wie du willst!<\/p>\n<p>Es entstehen Formen, welche sich im Stein verbergen und unter den H\u00e4nden der vielen Kinder im Laufe von Wochen und Monaten freilegt werden. Es ist ein \u201esich wandelndes und ver\u00e4nderbares Objekt\u201c, das immer im Prozess steht. Genau wie \u201edas Entstehen, Hervorbringen und Ver\u00e4ndern des Seins\u201c immer dem Prozess des Lebens unterworfen ist.<\/p>\n","protected":false},"excerpt":{"rendered":"<p>Ein Nest mit Eiern ist immer ein Zeichen f\u00fcr das Entstehen von Leben. Die Specksteineier sollen genau dieses ENT-STEHEN, das HERAUS-KOMMEN, in sch\u00f6pferisch, spielerischer Weise erm\u00f6glichen. Die Specksteineier k\u00f6nnen mit Feilen, Fingern\u00e4geln, Steinen bearbeitet und geformt werden. Da ist sicher etwas in den Steinen versteckt, das heraus m\u00f6chte. Wenn alle Kinder mithelfen, dann k\u00f6nnen wir [&hellip;]<\/p>\n","protected":false},"author":1,"featured_media":145,"parent":0,"menu_order":0,"comment_status":"closed","ping_status":"closed","template":"","meta":[],"_links":{"self":[{"href":"http:\/\/www.zellampettenfirst.at\/waldDerKinderV3\/wordpress\/wp-json\/wp\/v2\/pages\/144"}],"collection":[{"href":"http:\/\/www.zellampettenfirst.at\/waldDerKinderV3\/wordpress\/wp-json\/wp\/v2\/pages"}],"about":[{"href":"http:\/\/www.zellampettenfirst.at\/waldDerKinderV3\/wordpress\/wp-json\/wp\/v2\/types\/page"}],"author":[{"embeddable":true,"href":"http:\/\/www.zellampettenfirst.at\/waldDerKinderV3\/wordpress\/wp-json\/wp\/v2\/users\/1"}],"replies":[{"embeddable":true,"href":"http:\/\/www.zellampettenfirst.at\/waldDerKinderV3\/wordpress\/wp-json\/wp\/v2\/comments?post=144"}],"version-history":[{"count":1,"href":"http:\/\/www.zellampettenfirst.at\/waldDerKinderV3\/wordpress\/wp-json\/wp\/v2\/pages\/144\/revisions"}],"predecessor-version":[{"id":146,"href":"http:\/\/www.zellampettenfirst.at\/waldDerKinderV3\/wordpress\/wp-json\/wp\/v2\/pages\/144\/revisions\/146"}],"wp:featuredmedia":[{"embeddable":true,"href":"http:\/\/www.zellampettenfirst.at\/waldDerKinderV3\/wordpress\/wp-json\/wp\/v2\/media\/145"}],"wp:attachment":[{"href":"http:\/\/www.zellampettenfirst.at\/waldDerKinderV3\/wordpress\/wp-json\/wp\/v2\/media?parent=144"}],"curies":[{"name":"wp","href":"https:\/\/api.w.org\/{rel}","templated":true}]}}