{"id":153,"date":"2018-12-31T16:49:31","date_gmt":"2018-12-31T15:49:31","guid":{"rendered":"http:\/\/www.zellampettenfirst.at\/pohg\/wordpress\/?page_id=153"},"modified":"2021-05-13T11:34:59","modified_gmt":"2021-05-13T09:34:59","slug":"barfussweg","status":"publish","type":"page","link":"http:\/\/www.zellampettenfirst.at\/waldDerKinderV3\/wordpress\/barfussweg\/","title":{"rendered":"Barfu\u00dfweg"},"content":{"rendered":"<p>Wissen wir tats\u00e4chlich so genau wie sich Moos anf\u00fchlt, das gerade vom Morgentau bedeckt ist?<\/p>\n<p>Ein Haufen Fichtennadeln? Abbl\u00e4tternde Tannenzapfen? Oder glauben wir nur, es ganz genau zu wissen?<\/p>\n<p>Schuhe aus, Socken aus: Wenn du barfu\u00df \u00fcber den Waldboden l\u00e4ufst, wirst du ganz besondere Erlebnisse machen&#8230;<\/p>\n<p>Kinder m\u00fcssen tats\u00e4chlich etwas \u201ebe-greifen\u201c um es zu begreifen. Kleinkinder greifen nach allem und stecken es in den Mund, um die Oberfl\u00e4che des Gegenstandes zu erfahren.&nbsp; Allm\u00e4hlich l\u00e4sst diese Strategie nach und die visuelle Wahrnehmung kompensiert mehr.<\/p>\n<p>Wir sind es gew\u00f6hnt immer mehr auf ebenen Hartfl\u00e4chen (Asphalt, Beton&#8230;) zu gehen und verlernen dabei, wie intensiv man die Umwelt erf\u00e4hrt, wenn man nachf\u00fchlen kann, wie hart die Erde unter den eigenen F\u00fc\u00dfen ist, wie weich der Sand zwischen den Zehen durch rieselt und wie weh spitze kleine Steine tun k\u00f6nnen.<\/p>\n","protected":false},"excerpt":{"rendered":"<p>Wissen wir tats\u00e4chlich so genau wie sich Moos anf\u00fchlt, das gerade vom Morgentau bedeckt ist? Ein Haufen Fichtennadeln? Abbl\u00e4tternde Tannenzapfen? Oder glauben wir nur, es ganz genau zu wissen? Schuhe aus, Socken aus: Wenn du barfu\u00df \u00fcber den Waldboden l\u00e4ufst, wirst du ganz besondere Erlebnisse machen&#8230; Kinder m\u00fcssen tats\u00e4chlich etwas \u201ebe-greifen\u201c um es zu begreifen. [&hellip;]<\/p>\n","protected":false},"author":1,"featured_media":239,"parent":0,"menu_order":0,"comment_status":"closed","ping_status":"closed","template":"","meta":[],"_links":{"self":[{"href":"http:\/\/www.zellampettenfirst.at\/waldDerKinderV3\/wordpress\/wp-json\/wp\/v2\/pages\/153"}],"collection":[{"href":"http:\/\/www.zellampettenfirst.at\/waldDerKinderV3\/wordpress\/wp-json\/wp\/v2\/pages"}],"about":[{"href":"http:\/\/www.zellampettenfirst.at\/waldDerKinderV3\/wordpress\/wp-json\/wp\/v2\/types\/page"}],"author":[{"embeddable":true,"href":"http:\/\/www.zellampettenfirst.at\/waldDerKinderV3\/wordpress\/wp-json\/wp\/v2\/users\/1"}],"replies":[{"embeddable":true,"href":"http:\/\/www.zellampettenfirst.at\/waldDerKinderV3\/wordpress\/wp-json\/wp\/v2\/comments?post=153"}],"version-history":[{"count":1,"href":"http:\/\/www.zellampettenfirst.at\/waldDerKinderV3\/wordpress\/wp-json\/wp\/v2\/pages\/153\/revisions"}],"predecessor-version":[{"id":155,"href":"http:\/\/www.zellampettenfirst.at\/waldDerKinderV3\/wordpress\/wp-json\/wp\/v2\/pages\/153\/revisions\/155"}],"wp:featuredmedia":[{"embeddable":true,"href":"http:\/\/www.zellampettenfirst.at\/waldDerKinderV3\/wordpress\/wp-json\/wp\/v2\/media\/239"}],"wp:attachment":[{"href":"http:\/\/www.zellampettenfirst.at\/waldDerKinderV3\/wordpress\/wp-json\/wp\/v2\/media?parent=153"}],"curies":[{"name":"wp","href":"https:\/\/api.w.org\/{rel}","templated":true}]}}