{"id":159,"date":"2018-12-31T16:50:48","date_gmt":"2018-12-31T15:50:48","guid":{"rendered":"http:\/\/www.zellampettenfirst.at\/pohg\/wordpress\/?page_id=159"},"modified":"2023-07-18T10:27:30","modified_gmt":"2023-07-18T08:27:30","slug":"spinnennetz","status":"publish","type":"page","link":"http:\/\/www.zellampettenfirst.at\/waldDerKinderV3\/wordpress\/spinnennetz\/","title":{"rendered":"Spinnennetz"},"content":{"rendered":"<p>Hier k\u00f6nnt ihr ganz Ohr sein: H\u00f6rt eine Spinne? Ihr k\u00f6nnt es herausfinden, wenn ihr \u00fcber das Spinnennetz klettert. Die Klangr\u00f6hren daneben k\u00f6nnt ihr durch\u00a0 Umherlaufen, Bewegen oder Tanzen zum Klingen bringen.<\/p>\n<p>Legt euch in die Nestschaukel wie ein Vogel in sein Nest hoch oben im Baum, betrachtet die Bewegung der Baumwipfel, wie sie sich im Wind wiegen, und lauscht dem Sausen, es ist die sanfte Stimme des Waldes.<\/p>\n<p>Durch die motorische Bet\u00e4tigung am Spinnennetz wird das Gleichgewichtsorgan gefordert, welches in enger Beziehung zu unserem Geh\u00f6r steht.<\/p>\n<p>&nbsp;<\/p>\n","protected":false},"excerpt":{"rendered":"<p>Hier k\u00f6nnt ihr ganz Ohr sein: H\u00f6rt eine Spinne? Ihr k\u00f6nnt es herausfinden, wenn ihr \u00fcber das Spinnennetz klettert. Die Klangr\u00f6hren daneben k\u00f6nnt ihr durch\u00a0 Umherlaufen, Bewegen oder Tanzen zum Klingen bringen. Legt euch in die Nestschaukel wie ein Vogel in sein Nest hoch oben im Baum, betrachtet die Bewegung der Baumwipfel, wie sie sich [&hellip;]<\/p>\n","protected":false},"author":1,"featured_media":260,"parent":0,"menu_order":0,"comment_status":"closed","ping_status":"closed","template":"","meta":[],"_links":{"self":[{"href":"http:\/\/www.zellampettenfirst.at\/waldDerKinderV3\/wordpress\/wp-json\/wp\/v2\/pages\/159"}],"collection":[{"href":"http:\/\/www.zellampettenfirst.at\/waldDerKinderV3\/wordpress\/wp-json\/wp\/v2\/pages"}],"about":[{"href":"http:\/\/www.zellampettenfirst.at\/waldDerKinderV3\/wordpress\/wp-json\/wp\/v2\/types\/page"}],"author":[{"embeddable":true,"href":"http:\/\/www.zellampettenfirst.at\/waldDerKinderV3\/wordpress\/wp-json\/wp\/v2\/users\/1"}],"replies":[{"embeddable":true,"href":"http:\/\/www.zellampettenfirst.at\/waldDerKinderV3\/wordpress\/wp-json\/wp\/v2\/comments?post=159"}],"version-history":[{"count":2,"href":"http:\/\/www.zellampettenfirst.at\/waldDerKinderV3\/wordpress\/wp-json\/wp\/v2\/pages\/159\/revisions"}],"predecessor-version":[{"id":292,"href":"http:\/\/www.zellampettenfirst.at\/waldDerKinderV3\/wordpress\/wp-json\/wp\/v2\/pages\/159\/revisions\/292"}],"wp:featuredmedia":[{"embeddable":true,"href":"http:\/\/www.zellampettenfirst.at\/waldDerKinderV3\/wordpress\/wp-json\/wp\/v2\/media\/260"}],"wp:attachment":[{"href":"http:\/\/www.zellampettenfirst.at\/waldDerKinderV3\/wordpress\/wp-json\/wp\/v2\/media?parent=159"}],"curies":[{"name":"wp","href":"https:\/\/api.w.org\/{rel}","templated":true}]}}