{"id":162,"date":"2018-12-31T16:51:42","date_gmt":"2018-12-31T15:51:42","guid":{"rendered":"http:\/\/www.zellampettenfirst.at\/pohg\/wordpress\/?page_id=162"},"modified":"2021-05-13T11:42:20","modified_gmt":"2021-05-13T09:42:20","slug":"klangwelten","status":"publish","type":"page","link":"http:\/\/www.zellampettenfirst.at\/waldDerKinderV3\/wordpress\/klangwelten\/","title":{"rendered":"Klangwelten"},"content":{"rendered":"<p>&#8222;&#8230;du bist auf einmal ganz klein und die Dinge sind riesig gro\u00df&#8230;!&#8220; So <strong>h\u00f6rt<\/strong> man es am Beginn des Weges!<br \/>\nIn unserer Welt wird dein Ohr oft ziemlich gefordert und manchmal ist&#8217;s richtig angenehm, v\u00f6llig ruhig zu lauschen. Dann sind&#8217;s liebe Ger\u00e4usche, vertraute Stimmen oder einfache Kl\u00e4nge, die uns tr\u00e4umen lassen. <strong>Im Wald gehen die Zeit und auch die Ger\u00e4usche ganz ruhige Wege.<\/strong><br \/>\nEinen Klang einmal mit dem ganzen K\u00f6rper erleben, gemeinsam den Rhythmus finden und dich wie ein <strong>kleiner Ohrwurm<\/strong> f\u00fchlen.<\/p>\n<p><em>Schenk den Klangspielen dein Ohr!<\/em><\/p>\n","protected":false},"excerpt":{"rendered":"<p>&#8222;&#8230;du bist auf einmal ganz klein und die Dinge sind riesig gro\u00df&#8230;!&#8220; So h\u00f6rt man es am Beginn des Weges! In unserer Welt wird dein Ohr oft ziemlich gefordert und manchmal ist&#8217;s richtig angenehm, v\u00f6llig ruhig zu lauschen. Dann sind&#8217;s liebe Ger\u00e4usche, vertraute Stimmen oder einfache Kl\u00e4nge, die uns tr\u00e4umen lassen. Im Wald gehen die [&hellip;]<\/p>\n","protected":false},"author":1,"featured_media":262,"parent":0,"menu_order":0,"comment_status":"closed","ping_status":"closed","template":"","meta":[],"_links":{"self":[{"href":"http:\/\/www.zellampettenfirst.at\/waldDerKinderV3\/wordpress\/wp-json\/wp\/v2\/pages\/162"}],"collection":[{"href":"http:\/\/www.zellampettenfirst.at\/waldDerKinderV3\/wordpress\/wp-json\/wp\/v2\/pages"}],"about":[{"href":"http:\/\/www.zellampettenfirst.at\/waldDerKinderV3\/wordpress\/wp-json\/wp\/v2\/types\/page"}],"author":[{"embeddable":true,"href":"http:\/\/www.zellampettenfirst.at\/waldDerKinderV3\/wordpress\/wp-json\/wp\/v2\/users\/1"}],"replies":[{"embeddable":true,"href":"http:\/\/www.zellampettenfirst.at\/waldDerKinderV3\/wordpress\/wp-json\/wp\/v2\/comments?post=162"}],"version-history":[{"count":1,"href":"http:\/\/www.zellampettenfirst.at\/waldDerKinderV3\/wordpress\/wp-json\/wp\/v2\/pages\/162\/revisions"}],"predecessor-version":[{"id":164,"href":"http:\/\/www.zellampettenfirst.at\/waldDerKinderV3\/wordpress\/wp-json\/wp\/v2\/pages\/162\/revisions\/164"}],"wp:featuredmedia":[{"embeddable":true,"href":"http:\/\/www.zellampettenfirst.at\/waldDerKinderV3\/wordpress\/wp-json\/wp\/v2\/media\/262"}],"wp:attachment":[{"href":"http:\/\/www.zellampettenfirst.at\/waldDerKinderV3\/wordpress\/wp-json\/wp\/v2\/media?parent=162"}],"curies":[{"name":"wp","href":"https:\/\/api.w.org\/{rel}","templated":true}]}}