{"id":196,"date":"2018-12-31T16:59:53","date_gmt":"2018-12-31T15:59:53","guid":{"rendered":"http:\/\/www.zellampettenfirst.at\/pohg\/wordpress\/?page_id=196"},"modified":"2018-12-31T16:59:53","modified_gmt":"2018-12-31T15:59:53","slug":"anfahrt","status":"publish","type":"page","link":"http:\/\/www.zellampettenfirst.at\/waldDerKinderV3\/wordpress\/anfahrt\/","title":{"rendered":"Anfahrt"},"content":{"rendered":"<p><iframe loading=\"lazy\" width=\"425\" height=\"350\" frameborder=\"0\" scrolling=\"no\" marginheight=\"0\" marginwidth=\"0\" src=\"https:\/\/maps.google.at\/maps?f=q&amp;source=s_q&amp;hl=de&amp;geocode=&amp;q=wald+der+kinder+zell+am+pettenfirst&amp;aq=&amp;sll=48.116835,13.87012&amp;sspn=2.79804,4.938354&amp;ie=UTF8&amp;hq=wald+der+kinder+zell+am+pettenfirst&amp;hnear=&amp;radius=15000&amp;t=m&amp;z=12&amp;iwloc=A&amp;output=embed\"><\/iframe><br \/>\n<small><a href=\"https:\/\/maps.google.at\/maps?f=q&amp;source=embed&amp;hl=de&amp;geocode=&amp;q=wald+der+kinder+zell+am+pettenfirst&amp;aq=&amp;sll=48.116835,13.87012&amp;sspn=2.79804,4.938354&amp;ie=UTF8&amp;hq=wald+der+kinder+zell+am+pettenfirst&amp;hnear=&amp;radius=15000&amp;t=m&amp;z=12&amp;iwloc=A\" style=\"color:#0000FF;text-align:left\">Gr\u00f6\u00dfere Kartenansicht<\/a><\/small><\/p>\n<p><b>Infos:<\/b><br \/>\n10 km Entfernung von V\u00f6cklabruck<br \/>\n25 km von Ried\/I.<\/p>\n<p>&nbsp;<\/p>\n","protected":false},"excerpt":{"rendered":"<p>Gr\u00f6\u00dfere Kartenansicht Infos: 10 km Entfernung von V\u00f6cklabruck 25 km von Ried\/I. &nbsp;<\/p>\n","protected":false},"author":1,"featured_media":0,"parent":0,"menu_order":0,"comment_status":"closed","ping_status":"closed","template":"","meta":[],"_links":{"self":[{"href":"http:\/\/www.zellampettenfirst.at\/waldDerKinderV3\/wordpress\/wp-json\/wp\/v2\/pages\/196"}],"collection":[{"href":"http:\/\/www.zellampettenfirst.at\/waldDerKinderV3\/wordpress\/wp-json\/wp\/v2\/pages"}],"about":[{"href":"http:\/\/www.zellampettenfirst.at\/waldDerKinderV3\/wordpress\/wp-json\/wp\/v2\/types\/page"}],"author":[{"embeddable":true,"href":"http:\/\/www.zellampettenfirst.at\/waldDerKinderV3\/wordpress\/wp-json\/wp\/v2\/users\/1"}],"replies":[{"embeddable":true,"href":"http:\/\/www.zellampettenfirst.at\/waldDerKinderV3\/wordpress\/wp-json\/wp\/v2\/comments?post=196"}],"version-history":[{"count":1,"href":"http:\/\/www.zellampettenfirst.at\/waldDerKinderV3\/wordpress\/wp-json\/wp\/v2\/pages\/196\/revisions"}],"predecessor-version":[{"id":197,"href":"http:\/\/www.zellampettenfirst.at\/waldDerKinderV3\/wordpress\/wp-json\/wp\/v2\/pages\/196\/revisions\/197"}],"wp:attachment":[{"href":"http:\/\/www.zellampettenfirst.at\/waldDerKinderV3\/wordpress\/wp-json\/wp\/v2\/media?parent=196"}],"curies":[{"name":"wp","href":"https:\/\/api.w.org\/{rel}","templated":true}]}}