{"id":266,"date":"2021-05-16T16:24:39","date_gmt":"2021-05-16T14:24:39","guid":{"rendered":"http:\/\/www.zellampettenfirst.at\/waldDerKinderV3\/wordpress\/?page_id=266"},"modified":"2023-07-18T10:07:06","modified_gmt":"2023-07-18T08:07:06","slug":"wurm","status":"publish","type":"page","link":"http:\/\/www.zellampettenfirst.at\/waldDerKinderV3\/wordpress\/wurm\/","title":{"rendered":"Wurm"},"content":{"rendered":"<p>&#8230; genie\u00dfe das leichte Schaukeln<\/p>\n<p>gegen\u00fcber ist noch eine gr\u00f6\u00dfere Kugelbahn&#8230;<\/p>\n","protected":false},"excerpt":{"rendered":"<p>&#8230; genie\u00dfe das leichte Schaukeln gegen\u00fcber ist noch eine gr\u00f6\u00dfere Kugelbahn&#8230;<\/p>\n","protected":false},"author":1,"featured_media":267,"parent":0,"menu_order":0,"comment_status":"closed","ping_status":"closed","template":"","meta":[],"_links":{"self":[{"href":"http:\/\/www.zellampettenfirst.at\/waldDerKinderV3\/wordpress\/wp-json\/wp\/v2\/pages\/266"}],"collection":[{"href":"http:\/\/www.zellampettenfirst.at\/waldDerKinderV3\/wordpress\/wp-json\/wp\/v2\/pages"}],"about":[{"href":"http:\/\/www.zellampettenfirst.at\/waldDerKinderV3\/wordpress\/wp-json\/wp\/v2\/types\/page"}],"author":[{"embeddable":true,"href":"http:\/\/www.zellampettenfirst.at\/waldDerKinderV3\/wordpress\/wp-json\/wp\/v2\/users\/1"}],"replies":[{"embeddable":true,"href":"http:\/\/www.zellampettenfirst.at\/waldDerKinderV3\/wordpress\/wp-json\/wp\/v2\/comments?post=266"}],"version-history":[{"count":3,"href":"http:\/\/www.zellampettenfirst.at\/waldDerKinderV3\/wordpress\/wp-json\/wp\/v2\/pages\/266\/revisions"}],"predecessor-version":[{"id":284,"href":"http:\/\/www.zellampettenfirst.at\/waldDerKinderV3\/wordpress\/wp-json\/wp\/v2\/pages\/266\/revisions\/284"}],"wp:featuredmedia":[{"embeddable":true,"href":"http:\/\/www.zellampettenfirst.at\/waldDerKinderV3\/wordpress\/wp-json\/wp\/v2\/media\/267"}],"wp:attachment":[{"href":"http:\/\/www.zellampettenfirst.at\/waldDerKinderV3\/wordpress\/wp-json\/wp\/v2\/media?parent=266"}],"curies":[{"name":"wp","href":"https:\/\/api.w.org\/{rel}","templated":true}]}}