{"id":9,"date":"2018-07-07T11:34:25","date_gmt":"2018-07-07T09:34:25","guid":{"rendered":"http:\/\/www.zellampettenfirst.at\/pohg\/wordpress\/?page_id=9"},"modified":"2018-10-28T11:22:40","modified_gmt":"2018-10-28T10:22:40","slug":"ueber-mich","status":"publish","type":"page","link":"http:\/\/www.zellampettenfirst.at\/waldDerKinderV3\/wordpress\/ueber-mich\/","title":{"rendered":"\u00dcber mich"},"content":{"rendered":"<p><strong>Wo kannst du parken?<\/strong> Volksschule Zell am Pettenfirst<\/p>\n<p><strong>Was sollst du anziehen?<\/strong>\u00a0Gutes Schuhwerk, bei N\u00e4sse Regenbekleidung, eventuell Ersatzhose<\/p>\n<p><strong>Wann bin ich anzutreffen?<\/strong>\u00a0ganzj\u00e4hrig; haupts\u00e4chlich aber von April bis Oktober<\/p>\n<p><strong>Wie ist mein Weg?<\/strong>\u00a0leicht; ein Steilst\u00fcck kann man umgehen<\/p>\n<p><strong>Alternativer Weg vorhanden?<\/strong>\u00a0Der Weg ist mit dem Kinderwagen zu bew\u00e4ltigen (schwierig mit kleinr\u00e4drigen Buggies). Das kurze Steilst\u00fcck ist umfahrbar!<br \/>\nF\u00fcr Gebrechliche und m\u00fchsame Geher ist die Zufahrt bis zur Pettenfirsth\u00fctte mit dem PKW m\u00f6glich.<br \/>\nPlan ist am Wegbeginn erh\u00e4ltlich, ansonsten hilft Ihnen die \u00f6rtliche Bev\u00f6lkerung gerne weiter!<\/p>\n<p><strong>Wie lange brauchst du f\u00fcr mich?<\/strong>\u00a0Die reine Gehzeit betr\u00e4gt 20-25 min. Mit Kindern ist jedoch f\u00fcr den Weg hinauf einige Zeit mehr einzuplanen, bis zu 3 Stunden! Der Weg herunter f\u00fchrt \u00fcber den Weg, ist aber auch \u00fcber viele andere sch\u00f6ne Wanderrouten m\u00f6glich.<\/p>\n<p><strong>Gibts was zu essen?<\/strong>\u00a0Jause bei der Pettenfirsth\u00fctte &#8211; Einkehrm\u00f6glichkeiten im Ort (siehe Wegbeginn).<\/p>\n<p><strong>Koste ich etwas?<\/strong>\u00a0<em><strong>Nein, nat\u00fcrlich nicht &#8211; einfach bitte wieder kommen!<\/strong><\/em><\/p>\n","protected":false},"excerpt":{"rendered":"<p>Wo kannst du parken? Volksschule Zell am Pettenfirst Was sollst du anziehen?\u00a0Gutes Schuhwerk, bei N\u00e4sse Regenbekleidung, eventuell Ersatzhose Wann bin ich anzutreffen?\u00a0ganzj\u00e4hrig; haupts\u00e4chlich aber von April bis Oktober Wie ist mein Weg?\u00a0leicht; ein Steilst\u00fcck kann man umgehen Alternativer Weg vorhanden?\u00a0Der Weg ist mit dem Kinderwagen zu bew\u00e4ltigen (schwierig mit kleinr\u00e4drigen Buggies). Das kurze Steilst\u00fcck ist [&hellip;]<\/p>\n","protected":false},"author":1,"featured_media":54,"parent":0,"menu_order":0,"comment_status":"closed","ping_status":"closed","template":"","meta":[],"_links":{"self":[{"href":"http:\/\/www.zellampettenfirst.at\/waldDerKinderV3\/wordpress\/wp-json\/wp\/v2\/pages\/9"}],"collection":[{"href":"http:\/\/www.zellampettenfirst.at\/waldDerKinderV3\/wordpress\/wp-json\/wp\/v2\/pages"}],"about":[{"href":"http:\/\/www.zellampettenfirst.at\/waldDerKinderV3\/wordpress\/wp-json\/wp\/v2\/types\/page"}],"author":[{"embeddable":true,"href":"http:\/\/www.zellampettenfirst.at\/waldDerKinderV3\/wordpress\/wp-json\/wp\/v2\/users\/1"}],"replies":[{"embeddable":true,"href":"http:\/\/www.zellampettenfirst.at\/waldDerKinderV3\/wordpress\/wp-json\/wp\/v2\/comments?post=9"}],"version-history":[{"count":7,"href":"http:\/\/www.zellampettenfirst.at\/waldDerKinderV3\/wordpress\/wp-json\/wp\/v2\/pages\/9\/revisions"}],"predecessor-version":[{"id":59,"href":"http:\/\/www.zellampettenfirst.at\/waldDerKinderV3\/wordpress\/wp-json\/wp\/v2\/pages\/9\/revisions\/59"}],"wp:featuredmedia":[{"embeddable":true,"href":"http:\/\/www.zellampettenfirst.at\/waldDerKinderV3\/wordpress\/wp-json\/wp\/v2\/media\/54"}],"wp:attachment":[{"href":"http:\/\/www.zellampettenfirst.at\/waldDerKinderV3\/wordpress\/wp-json\/wp\/v2\/media?parent=9"}],"curies":[{"name":"wp","href":"https:\/\/api.w.org\/{rel}","templated":true}]}}