{"id":95,"date":"2018-12-31T13:13:47","date_gmt":"2018-12-31T12:13:47","guid":{"rendered":"http:\/\/www.zellampettenfirst.at\/pohg\/wordpress\/?page_id=95"},"modified":"2021-05-13T11:43:30","modified_gmt":"2021-05-13T09:43:30","slug":"entstehung-hausruck","status":"publish","type":"page","link":"http:\/\/www.zellampettenfirst.at\/waldDerKinderV3\/wordpress\/entstehung-hausruck\/","title":{"rendered":"Entstehung Hausruck"},"content":{"rendered":"<p>Stell dir vor: \u00dcber viele, viele Jahre haben vor langer, langer Zeit K\u00e4lte, Sonneneinstrahlung, Regen und Wind Steine im Gebirge gelockert. Dieser Gebirgsschutt wurde von Gletschern und\u00a0Fl\u00fcssen transportiert -genau dort, wo du jetzt stehst. B\u00e4ume wurden dabei versch\u00fcttet, vergraben und wurden allm\u00e4hlich zu Kohle.<\/p>\n<p>Doch das ist noch nicht alles! Die Erde begann sich zu bewegen und eine unheimlich gro\u00dfe Kraft dr\u00fcckte all die Steine und Erdmaterialien in die H\u00f6he.<\/p>\n<p>Hier k\u00f6nnt ihr dies noch einmal\u00a0bewegen lassen. Erst bef\u00f6rdert ihr die Steine in die Senke. Dann nehmt ihr alle Kraft zusammen und dr\u00fcckt den Hebel &#8211; und aus der Schottersenke hebt sich ein Berg!<\/p>\n","protected":false},"excerpt":{"rendered":"<p>Stell dir vor: \u00dcber viele, viele Jahre haben vor langer, langer Zeit K\u00e4lte, Sonneneinstrahlung, Regen und Wind Steine im Gebirge gelockert. Dieser Gebirgsschutt wurde von Gletschern und\u00a0Fl\u00fcssen transportiert -genau dort, wo du jetzt stehst. B\u00e4ume wurden dabei versch\u00fcttet, vergraben und wurden allm\u00e4hlich zu Kohle. Doch das ist noch nicht alles! Die Erde begann sich zu [&hellip;]<\/p>\n","protected":false},"author":1,"featured_media":249,"parent":0,"menu_order":0,"comment_status":"closed","ping_status":"closed","template":"","meta":[],"_links":{"self":[{"href":"http:\/\/www.zellampettenfirst.at\/waldDerKinderV3\/wordpress\/wp-json\/wp\/v2\/pages\/95"}],"collection":[{"href":"http:\/\/www.zellampettenfirst.at\/waldDerKinderV3\/wordpress\/wp-json\/wp\/v2\/pages"}],"about":[{"href":"http:\/\/www.zellampettenfirst.at\/waldDerKinderV3\/wordpress\/wp-json\/wp\/v2\/types\/page"}],"author":[{"embeddable":true,"href":"http:\/\/www.zellampettenfirst.at\/waldDerKinderV3\/wordpress\/wp-json\/wp\/v2\/users\/1"}],"replies":[{"embeddable":true,"href":"http:\/\/www.zellampettenfirst.at\/waldDerKinderV3\/wordpress\/wp-json\/wp\/v2\/comments?post=95"}],"version-history":[{"count":2,"href":"http:\/\/www.zellampettenfirst.at\/waldDerKinderV3\/wordpress\/wp-json\/wp\/v2\/pages\/95\/revisions"}],"predecessor-version":[{"id":99,"href":"http:\/\/www.zellampettenfirst.at\/waldDerKinderV3\/wordpress\/wp-json\/wp\/v2\/pages\/95\/revisions\/99"}],"wp:featuredmedia":[{"embeddable":true,"href":"http:\/\/www.zellampettenfirst.at\/waldDerKinderV3\/wordpress\/wp-json\/wp\/v2\/media\/249"}],"wp:attachment":[{"href":"http:\/\/www.zellampettenfirst.at\/waldDerKinderV3\/wordpress\/wp-json\/wp\/v2\/media?parent=95"}],"curies":[{"name":"wp","href":"https:\/\/api.w.org\/{rel}","templated":true}]}}